{"id":1120,"date":"2020-08-31T15:23:47","date_gmt":"2020-08-31T15:23:47","guid":{"rendered":"http:\/\/canaadcc.ebssistemas.digital\/?page_id=1120"},"modified":"2021-09-02T08:58:17","modified_gmt":"2021-09-02T12:58:17","slug":"curriculo","status":"publish","type":"page","link":"https:\/\/canaadaycarecenter.com\/?page_id=1120&lang=pt","title":{"rendered":"Curr\u00edculo"},"content":{"rendered":"<p><div class=\"fusion-fullwidth fullwidth-box fusion-builder-row-1 nonhundred-percent-fullwidth non-hundred-percent-height-scrolling\"  style='background-color: rgba(255,255,255,0);background-position: left top;background-repeat: no-repeat;padding-top:0px;padding-right:0px;padding-bottom:0px;padding-left:0px;border-top-width:0px;border-bottom-width:0px;border-color:#eae9e9;border-top-style:solid;border-bottom-style:solid;'><div class=\"fusion-builder-row fusion-row \"><div  class=\"fusion-layout-column fusion_builder_column fusion_builder_column_1_1 fusion-builder-column-1 fusion-one-full fusion-column-first fusion-column-last 1_1\"  style='margin-top:20px;margin-bottom:20px;'>\n\t\t\t\t\t<div class=\"fusion-column-wrapper\" style=\"padding: 0px 0px 0px 0px;background-position:left top;background-repeat:no-repeat;-webkit-background-size:cover;-moz-background-size:cover;-o-background-size:cover;background-size:cover;\"   data-bg-url=\"\">\n\t\t\t\t\t\t<div class=\"fusion-sep-clear\"><\/div><div class=\"fusion-separator sep-none\" style=\"margin-left: auto;margin-right: auto;margin-top:0px;margin-bottom:55px;width:100%;max-width:50%;\"><\/div><div class=\"fusion-text fusion-animated\" data-animationType=\"fadeInDown\" data-animationDuration=\"1.0\" data-animationOffset=\"100%\"><h3 style=\"text-align: center;\"><span style=\"color: #ff0000;\">Curr\u00edculo<\/span><\/h3>\n<\/div><div class=\"fusion-sep-clear\"><\/div><div class=\"fusion-separator sep-single sep-dashed\" style=\"border-color:#ffeb3b;border-top-width:2px;margin-left: auto;margin-right: auto;margin-top:0px;margin-bottom:55px;width:100%;max-width:50%;\"><\/div><div class=\"fusion-clearfix\"><\/div>\n\n\t\t\t\t\t<\/div>\n\t\t\t\t<\/div><\/div><\/div><div class=\"fusion-fullwidth fullwidth-box fusion-builder-row-2 nonhundred-percent-fullwidth non-hundred-percent-height-scrolling\"  style='background-color: rgba(255,255,255,0);background-position: center center;background-repeat: no-repeat;padding-top:0px;padding-right:0px;padding-bottom:0px;padding-left:0px;'><div class=\"fusion-builder-row fusion-row \"><div  class=\"fusion-layout-column fusion_builder_column fusion_builder_column_2_3 fusion-builder-column-2 fusion-two-third fusion-column-first 2_3\"  style='margin-top:20px;margin-bottom:20px;width:66.66%;width:calc(66.66% - ( ( 4% ) * 0.6666 ) );margin-right: 4%;'>\n\t\t\t\t\t<div class=\"fusion-column-wrapper\" style=\"padding: 0px 0px 0px 0px;background-position:left top;background-repeat:no-repeat;-webkit-background-size:cover;-moz-background-size:cover;-o-background-size:cover;background-size:cover;\"   data-bg-url=\"\">\n\t\t\t\t\t\t<div class=\"fusion-sep-clear\"><\/div><div class=\"fusion-separator sep-none\" style=\"margin-left: auto;margin-right: auto;margin-top:0px;margin-bottom:20px;width:100%;max-width:50%;\"><\/div><div class=\"fusion-text\"><p>Iniciada em 2019, a<strong> Canaa Day Care Center<\/strong> atualizou para o Creative Curriculum. The Creative Curriculum\u00ae for Infants, Toddlers &amp; Twos; que pretende incorporar uma ampla gama de estrat\u00e9gias de ensino, incluindo aprendizagem iniciada por crian\u00e7as e abordagens dirigidas por professores para melhor responder aos estilos de aprendizagem das crian\u00e7as, pontos fortes e interesses, enquanto trabalhamos com nossa comunidade diversificada de fam\u00edlias e parceiros da vizinhan\u00e7a, em um ambiente que convida as crian\u00e7as a aprimorar suas habilidades de pensamento cr\u00edtico e anal\u00edtico, auto-estima, independ\u00eancia e autossufici\u00eancia. Nacionalmente conhecido por seu modelo inovador e rigorosamente pesquisado, The Creative Curriculum\u00ae tem recebido a confian\u00e7a de educadores da primeira inf\u00e2ncia em todo o pa\u00eds h\u00e1 d\u00e9cadas. Ele se concentra em fornecer cuidados responsivos e intencionais, ao mesmo tempo que honra e respeita o papel que os professores e cuidadores desempenham em ajudar as crian\u00e7as a desenvolver apegos seguros e ganhar confian\u00e7a como alunos.<\/p>\n<\/div><div class=\"fusion-sep-clear\"><\/div><div class=\"fusion-separator sep-none\" style=\"margin-left: auto;margin-right: auto;margin-top:0px;margin-bottom:20px;width:100%;max-width:50%;\"><\/div><div class=\"fusion-sep-clear\"><\/div><div class=\"fusion-separator sep-none\" style=\"margin-left: auto;margin-right: auto;margin-top:0px;margin-bottom:20px;width:100%;max-width:50%;\"><\/div><div class=\"fusion-button-wrapper fusion-aligncenter\"><style type=\"text\/css\">.fusion-button.button-1 {border-radius:25px;}<\/style><a class=\"fusion-button button-flat fusion-button-default-size button-default button-1 fusion-button-default-span fusion-button-default-type fusion-animated\" data-animationType=\"rubberBand\" data-animationDuration=\"1.0\" data-animationOffset=\"100%\" target=\"_self\" href=\"https:\/\/canaadaycarecenter.com\/?page_id=12\"><span class=\"fusion-button-text\">Conhe\u00e7a nossas turmas<\/span><\/a><\/div><div class=\"fusion-clearfix\"><\/div>\n\n\t\t\t\t\t<\/div>\n\t\t\t\t<\/div><div  class=\"fusion-layout-column fusion_builder_column fusion_builder_column_1_3 fusion-builder-column-3 fusion-one-third fusion-column-last 1_3\"  style='margin-top:20px;margin-bottom:20px;width:33.33%;width:calc(33.33% - ( ( 4% ) * 0.3333 ) );'>\n\t\t\t\t\t<div class=\"fusion-column-wrapper\" style=\"padding: 0px 0px 0px 0px;background-position:left top;background-repeat:no-repeat;-webkit-background-size:cover;-moz-background-size:cover;-o-background-size:cover;background-size:cover;\"   data-bg-url=\"\">\n\t\t\t\t\t\t<span class=\"fusion-imageframe imageframe-none imageframe-1 hover-type-none\"><img src=\"https:\/\/canaadaycarecenter.com\/wp-content\/uploads\/2021\/09\/6BAEA908-3415-4D3D-8582-A602F1462B66_1_105_c-1-1.jpeg\"   alt=\"\" title=\"\" class=\"img-responsive\"\/><\/span><div class=\"fusion-clearfix\"><\/div>\n\n\t\t\t\t\t<\/div>\n\t\t\t\t<\/div><\/div><\/div><div class=\"fusion-fullwidth fullwidth-box fusion-builder-row-3 hundred-percent-fullwidth non-hundred-percent-height-scrolling\"  style='background-color: rgba(255,255,255,0);background-position: center center;background-repeat: no-repeat;padding-top:0px;padding-right:0px;padding-bottom:0px;padding-left:0px;'><div class=\"fusion-builder-row fusion-row \"><div  class=\"fusion-layout-column fusion_builder_column fusion_builder_column_1_1 fusion-builder-column-4 fusion-one-full fusion-column-first fusion-column-last fusion-column-no-min-height 1_1\"  style='margin-top:0px;margin-bottom:0px;'>\n\t\t\t\t\t<div class=\"fusion-column-wrapper\" style=\"padding: 0px 0px 0px 0px;background-position:left top;background-blend-mode: overlay;background-repeat:no-repeat;-webkit-background-size:cover;-moz-background-size:cover;-o-background-size:cover;background-size:cover;\"   data-bg-url=\"\">\n\t\t\t\t\t\t<div class=\"fusion-section-separator section-separator curved\" style=\"padding:0;margin-left:-0px;margin-right:-0px;\"><svg class=\"fusion-curved-candy\" xmlns=\"http:\/\/www.w3.org\/2000\/svg\" version=\"1.1\" width=\"100%\" height=\"100\" viewBox=\"0 0 100 100\" preserveAspectRatio=\"none\" style=\"fill:#3b539b;padding:0;\"><path d=\"M0 100 C 60 0 75 0 100 100 Z\"><\/path><\/svg><\/div><div class=\"fusion-clearfix\"><\/div>\n\n\t\t\t\t\t<\/div>\n\t\t\t\t<\/div><\/div><\/div><div class=\"fusion-fullwidth fullwidth-box fusion-builder-row-4 nonhundred-percent-fullwidth non-hundred-percent-height-scrolling\"  style='background-color: #3b539b;background-position: center center;background-repeat: no-repeat;padding-top:60px;padding-right:0px;padding-left:0px;border-top-width:0px;border-bottom-width:0px;border-color:#eae9e9;border-top-style:solid;border-bottom-style:solid;'><div class=\"fusion-builder-row fusion-row \"><div  class=\"fusion-layout-column fusion_builder_column fusion_builder_column_2_3 fusion-builder-column-5 fusion-two-third fusion-column-first 2_3\"  style='margin-top:20px;margin-bottom:20px;width:65.3333%; margin-right: 4%;'>\n\t\t\t\t\t<div class=\"fusion-column-wrapper\" style=\"padding: 0px 0px 0px 0px;background-position:left top;background-repeat:no-repeat;-webkit-background-size:cover;-moz-background-size:cover;-o-background-size:cover;background-size:cover;\"   data-bg-url=\"\">\n\t\t\t\t\t\t<div class=\"fusion-text\"><h3 style=\"text-align: center;\"><span style=\"color: #ffffff;\">Lista de Espera<\/span><\/h3>\n<\/div><div class=\"fusion-sep-clear\"><\/div><div class=\"fusion-separator sep-single sep-dashed\" style=\"border-color:#ffffff;border-top-width:2px;margin-left: auto;margin-right: auto;margin-top:0px;margin-bottom:15px;width:100%;max-width:50%;\"><\/div><div class=\"fusion-text\"><p style=\"text-align: center;\"><span style=\"color: #ffffff;\">Envie um email com a idade da crian\u00e7a. Ligaremos para voc\u00ea quando tivermos uma vaga dispon\u00edvel.<\/span><\/p>\n<\/div><div class=\"fusion-sep-clear\"><\/div><div class=\"fusion-separator fusion-full-width-sep sep-none\" style=\"margin-left: auto;margin-right: auto;margin-top:;margin-bottom:30px;\"><\/div><div class=\"fusion-clearfix\"><\/div>\n\n\t\t\t\t\t<\/div>\n\t\t\t\t<\/div><div  class=\"fusion-layout-column fusion_builder_column fusion_builder_column_1_3 fusion-builder-column-6 fusion-one-third fusion-column-last 1_3\"  style='margin-top:20px;margin-bottom:20px;width:30.6666%'>\n\t\t\t\t\t<div class=\"fusion-column-wrapper\" style=\"padding: 0px 13% 0px 13%;background-position:left top;background-repeat:no-repeat;-webkit-background-size:cover;-moz-background-size:cover;-o-background-size:cover;background-size:cover;\"   data-bg-url=\"\">\n\t\t\t\t\t\t<div class=\"fusion-sep-clear\"><\/div><div class=\"fusion-separator fusion-full-width-sep sep-none\" style=\"margin-left: auto;margin-right: auto;margin-top:;margin-bottom:30px;\"><\/div><div class=\"fusion-sep-clear\"><\/div><div class=\"fusion-separator fusion-full-width-sep sep-none\" style=\"margin-left: auto;margin-right: auto;margin-top:;margin-bottom:30px;\"><\/div><div class=\"fusion-button-wrapper fusion-aligncenter\"><style type=\"text\/css\">.fusion-button.button-2 {border-radius:25px;}<\/style><a class=\"fusion-button button-flat fusion-button-default-size button-default button-2 fusion-button-default-span fusion-button-default-type\" target=\"_self\" href=\"mailto:canaadcc@gmail.com\"><span class=\"fusion-button-text\">Clique aqui<\/span><\/a><\/div><div class=\"fusion-clearfix\"><\/div>\n\n\t\t\t\t\t<\/div>\n\t\t\t\t<\/div><\/div><\/div><\/p>\n","protected":false},"excerpt":{"rendered":"","protected":false},"author":1,"featured_media":0,"parent":0,"menu_order":0,"comment_status":"closed","ping_status":"closed","template":"100-width.php","meta":[],"yoast_head":"<!-- This site is optimized with the Yoast SEO plugin v19.4 - https:\/\/yoast.com\/wordpress\/plugins\/seo\/ -->\n<title>Curr\u00edculo - Canaa Day Care Center<\/title>\n<meta name=\"robots\" content=\"index, follow, max-snippet:-1, max-image-preview:large, max-video-preview:-1\" \/>\n<link rel=\"canonical\" href=\"https:\/\/canaadaycarecenter.com\/?page_id=1120&lang=pt\" \/>\n<meta property=\"og:locale\" content=\"pt_BR\" \/>\n<meta property=\"og:type\" content=\"article\" \/>\n<meta property=\"og:title\" content=\"Curr\u00edculo - Canaa Day Care Center\" \/>\n<meta property=\"og:url\" content=\"https:\/\/canaadaycarecenter.com\/?page_id=1120&amp;lang=pt\" \/>\n<meta property=\"og:site_name\" content=\"Canaa Day Care Center\" \/>\n<meta property=\"article:modified_time\" content=\"2021-09-02T12:58:17+00:00\" \/>\n<meta name=\"twitter:card\" content=\"summary_large_image\" \/>\n<meta name=\"twitter:label1\" content=\"Est. tempo de leitura\" \/>\n\t<meta name=\"twitter:data1\" content=\"5 minutos\" \/>\n<script type=\"application\/ld+json\" class=\"yoast-schema-graph\">{\"@context\":\"https:\/\/schema.org\",\"@graph\":[{\"@type\":\"WebSite\",\"@id\":\"https:\/\/canaadaycarecenter.com\/#website\",\"url\":\"https:\/\/canaadaycarecenter.com\/\",\"name\":\"Canaa Day Care Center\",\"description\":\"Welcome to Cana\u00e3 Day Care Center!\",\"potentialAction\":[{\"@type\":\"SearchAction\",\"target\":{\"@type\":\"EntryPoint\",\"urlTemplate\":\"https:\/\/canaadaycarecenter.com\/?s={search_term_string}\"},\"query-input\":\"required name=search_term_string\"}],\"inLanguage\":\"pt-BR\"},{\"@type\":\"WebPage\",\"@id\":\"https:\/\/canaadaycarecenter.com\/?page_id=1120&lang=pt\",\"url\":\"https:\/\/canaadaycarecenter.com\/?page_id=1120&lang=pt\",\"name\":\"Curr\u00edculo - Canaa Day Care Center\",\"isPartOf\":{\"@id\":\"https:\/\/canaadaycarecenter.com\/#website\"},\"datePublished\":\"2020-08-31T15:23:47+00:00\",\"dateModified\":\"2021-09-02T12:58:17+00:00\",\"breadcrumb\":{\"@id\":\"https:\/\/canaadaycarecenter.com\/?page_id=1120&lang=pt#breadcrumb\"},\"inLanguage\":\"pt-BR\",\"potentialAction\":[{\"@type\":\"ReadAction\",\"target\":[\"https:\/\/canaadaycarecenter.com\/?page_id=1120&lang=pt\"]}]},{\"@type\":\"BreadcrumbList\",\"@id\":\"https:\/\/canaadaycarecenter.com\/?page_id=1120&lang=pt#breadcrumb\",\"itemListElement\":[{\"@type\":\"ListItem\",\"position\":1,\"name\":\"In\u00edcio\",\"item\":\"https:\/\/canaadaycarecenter.com\/\"},{\"@type\":\"ListItem\",\"position\":2,\"name\":\"Curr\u00edculo\"}]}]}<\/script>\n<!-- \/ Yoast SEO plugin. -->","yoast_head_json":{"title":"Curr\u00edculo - Canaa Day Care Center","robots":{"index":"index","follow":"follow","max-snippet":"max-snippet:-1","max-image-preview":"max-image-preview:large","max-video-preview":"max-video-preview:-1"},"canonical":"https:\/\/canaadaycarecenter.com\/?page_id=1120&lang=pt","og_locale":"pt_BR","og_type":"article","og_title":"Curr\u00edculo - Canaa Day Care Center","og_url":"https:\/\/canaadaycarecenter.com\/?page_id=1120&lang=pt","og_site_name":"Canaa Day Care Center","article_modified_time":"2021-09-02T12:58:17+00:00","twitter_card":"summary_large_image","twitter_misc":{"Est. tempo de leitura":"5 minutos"},"schema":{"@context":"https:\/\/schema.org","@graph":[{"@type":"WebSite","@id":"https:\/\/canaadaycarecenter.com\/#website","url":"https:\/\/canaadaycarecenter.com\/","name":"Canaa Day Care Center","description":"Welcome to Cana\u00e3 Day Care Center!","potentialAction":[{"@type":"SearchAction","target":{"@type":"EntryPoint","urlTemplate":"https:\/\/canaadaycarecenter.com\/?s={search_term_string}"},"query-input":"required name=search_term_string"}],"inLanguage":"pt-BR"},{"@type":"WebPage","@id":"https:\/\/canaadaycarecenter.com\/?page_id=1120&lang=pt","url":"https:\/\/canaadaycarecenter.com\/?page_id=1120&lang=pt","name":"Curr\u00edculo - Canaa Day Care Center","isPartOf":{"@id":"https:\/\/canaadaycarecenter.com\/#website"},"datePublished":"2020-08-31T15:23:47+00:00","dateModified":"2021-09-02T12:58:17+00:00","breadcrumb":{"@id":"https:\/\/canaadaycarecenter.com\/?page_id=1120&lang=pt#breadcrumb"},"inLanguage":"pt-BR","potentialAction":[{"@type":"ReadAction","target":["https:\/\/canaadaycarecenter.com\/?page_id=1120&lang=pt"]}]},{"@type":"BreadcrumbList","@id":"https:\/\/canaadaycarecenter.com\/?page_id=1120&lang=pt#breadcrumb","itemListElement":[{"@type":"ListItem","position":1,"name":"In\u00edcio","item":"https:\/\/canaadaycarecenter.com\/"},{"@type":"ListItem","position":2,"name":"Curr\u00edculo"}]}]}},"_links":{"self":[{"href":"https:\/\/canaadaycarecenter.com\/index.php?rest_route=\/wp\/v2\/pages\/1120"}],"collection":[{"href":"https:\/\/canaadaycarecenter.com\/index.php?rest_route=\/wp\/v2\/pages"}],"about":[{"href":"https:\/\/canaadaycarecenter.com\/index.php?rest_route=\/wp\/v2\/types\/page"}],"author":[{"embeddable":true,"href":"https:\/\/canaadaycarecenter.com\/index.php?rest_route=\/wp\/v2\/users\/1"}],"replies":[{"embeddable":true,"href":"https:\/\/canaadaycarecenter.com\/index.php?rest_route=%2Fwp%2Fv2%2Fcomments&post=1120"}],"version-history":[{"count":4,"href":"https:\/\/canaadaycarecenter.com\/index.php?rest_route=\/wp\/v2\/pages\/1120\/revisions"}],"predecessor-version":[{"id":1507,"href":"https:\/\/canaadaycarecenter.com\/index.php?rest_route=\/wp\/v2\/pages\/1120\/revisions\/1507"}],"wp:attachment":[{"href":"https:\/\/canaadaycarecenter.com\/index.php?rest_route=%2Fwp%2Fv2%2Fmedia&parent=1120"}],"curies":[{"name":"wp","href":"https:\/\/api.w.org\/{rel}","templated":true}]}}